{"id":79,"date":"2026-03-10T00:24:26","date_gmt":"2026-03-10T00:24:26","guid":{"rendered":"https:\/\/alicepalucci.com.br\/?page_id=79"},"modified":"2026-03-20T19:18:55","modified_gmt":"2026-03-20T19:18:55","slug":"quem-somos","status":"publish","type":"page","link":"https:\/\/alicepalucci.com.br\/?page_id=79","title":{"rendered":"Quem Somos"},"content":{"rendered":"\t\t<div data-elementor-type=\"wp-page\" data-elementor-id=\"79\" class=\"elementor elementor-79\" data-elementor-post-type=\"page\">\n\t\t\t\t<div class=\"elementor-element elementor-element-eeb2c15 e-grid e-con-boxed e-con e-parent\" data-id=\"eeb2c15\" data-element_type=\"container\" data-e-type=\"container\" data-settings=\"{&quot;background_background&quot;:&quot;classic&quot;}\">\n\t\t\t\t\t<div class=\"e-con-inner\">\n\t\t<div class=\"elementor-element elementor-element-fe91f81 e-con-full e-flex e-con e-child\" data-id=\"fe91f81\" data-element_type=\"container\" data-e-type=\"container\">\n\t\t\t\t<div class=\"elementor-element elementor-element-6c61774 elementor-widget elementor-widget-heading\" data-id=\"6c61774\" data-element_type=\"widget\" data-e-type=\"widget\" data-widget_type=\"heading.default\">\n\t\t\t\t\t<h2 class=\"elementor-heading-title elementor-size-default\">A marca<\/h2>\t\t\t\t<\/div>\n\t\t\t\t<div class=\"elementor-element elementor-element-fff3812 elementor-widget elementor-widget-text-editor\" data-id=\"fff3812\" data-element_type=\"widget\" data-e-type=\"widget\" data-widget_type=\"text-editor.default\">\n\t\t\t\t\t\t\t\t\t<p>A marca Alice Palucci surgiu com o intuito de atender todas as exig\u00eancias da mulher moderna quando o assunto \u00e9 bolsas e acess\u00f3rios.<\/p><p>Acreditamos que todos os detalhes s\u00e3o essenciais para compor um look que expresse de modo pleno a identidade de cada mulher.<\/p><p>Com pe\u00e7as vers\u00e1teis, um toque de tend\u00eancia, mas muita originalidade, nossas bolsas s\u00e3o a op\u00e7\u00e3o ideal para quem precisa alinhar funcionalidade e estilo na rotina corrida do dia a dia.<\/p><p>Hoje, a marca Alice Palucci, est\u00e1 presente em todo territ\u00f3rio nacional por meio de nossos consultores de venda, lojas e e-commercers parceiros.<br \/><strong><br \/>Escolha a sua Alice Palucci preferida e atualize o seu look.<\/strong><\/p>\t\t\t\t\t\t\t\t<\/div>\n\t\t\t\t<\/div>\n\t\t\t\t<div class=\"elementor-element elementor-element-a93c87d elementor-widget elementor-widget-image\" data-id=\"a93c87d\" data-element_type=\"widget\" data-e-type=\"widget\" data-widget_type=\"image.default\">\n\t\t\t\t\t\t\t\t\t\t\t\t\t\t\t<img fetchpriority=\"high\" decoding=\"async\" width=\"800\" height=\"1000\" src=\"\/wp-content\/uploads\/2026\/03\/quemsomos-819x1024.jpg\" class=\"attachment-large size-large wp-image-1053\" alt=\"\" srcset=\"\/wp-content\/uploads\/2026\/03\/quemsomos-819x1024.jpg 819w, \/wp-content\/uploads\/2026\/03\/quemsomos-240x300.jpg 240w, \/wp-content\/uploads\/2026\/03\/quemsomos-768x960.jpg 768w, \/wp-content\/uploads\/2026\/03\/quemsomos-600x750.jpg 600w, \/wp-content\/uploads\/2026\/03\/quemsomos.jpg 1000w\" sizes=\"(max-width: 800px) 100vw, 800px\" \/>\t\t\t\t\t\t\t\t\t\t\t\t\t\t\t<\/div>\n\t\t\t\t\t<\/div>\n\t\t\t\t<\/div>\n\t\t\t\t<\/div>\n\t\t","protected":false},"excerpt":{"rendered":"<p>A marca A marca Alice Palucci surgiu com o intuito de atender todas as exig\u00eancias da mulher moderna quando o assunto \u00e9 bolsas e acess\u00f3rios. Acreditamos que todos os detalhes s\u00e3o essenciais para compor um look que expresse de modo pleno a identidade de cada mulher. Com pe\u00e7as vers\u00e1teis, um toque de tend\u00eancia, mas muita [&hellip;]<\/p>\n","protected":false},"author":1,"featured_media":0,"parent":0,"menu_order":0,"comment_status":"closed","ping_status":"closed","template":"","meta":{"footnotes":""},"class_list":["post-79","page","type-page","status-publish","hentry"],"_links":{"self":[{"href":"https:\/\/alicepalucci.com.br\/index.php?rest_route=\/wp\/v2\/pages\/79","targetHints":{"allow":["GET"]}}],"collection":[{"href":"https:\/\/alicepalucci.com.br\/index.php?rest_route=\/wp\/v2\/pages"}],"about":[{"href":"https:\/\/alicepalucci.com.br\/index.php?rest_route=\/wp\/v2\/types\/page"}],"author":[{"embeddable":true,"href":"https:\/\/alicepalucci.com.br\/index.php?rest_route=\/wp\/v2\/users\/1"}],"replies":[{"embeddable":true,"href":"https:\/\/alicepalucci.com.br\/index.php?rest_route=%2Fwp%2Fv2%2Fcomments&post=79"}],"version-history":[{"count":7,"href":"https:\/\/alicepalucci.com.br\/index.php?rest_route=\/wp\/v2\/pages\/79\/revisions"}],"predecessor-version":[{"id":1056,"href":"https:\/\/alicepalucci.com.br\/index.php?rest_route=\/wp\/v2\/pages\/79\/revisions\/1056"}],"wp:attachment":[{"href":"https:\/\/alicepalucci.com.br\/index.php?rest_route=%2Fwp%2Fv2%2Fmedia&parent=79"}],"curies":[{"name":"wp","href":"https:\/\/api.w.org\/{rel}","templated":true}]}}